{"id":304,"date":"2019-08-21T10:51:46","date_gmt":"2019-08-21T10:51:46","guid":{"rendered":"http:\/\/claragovela.com\/index.php\/success-stories\/"},"modified":"2023-03-12T19:42:12","modified_gmt":"2023-03-12T19:42:12","slug":"testimonios","status":"publish","type":"page","link":"https:\/\/claragovela.com\/index.php\/testimonios\/","title":{"rendered":"Historias de \u00e9xito"},"content":{"rendered":"\t\t<div data-elementor-type=\"wp-post\" data-elementor-id=\"304\" class=\"elementor elementor-304\">\n\t\t\t\t\t\t<section class=\"elementor-section elementor-top-section elementor-element elementor-element-9df7361 elementor-section-content-middle elementor-section-boxed elementor-section-height-default elementor-section-height-default\" data-id=\"9df7361\" data-element_type=\"section\" data-settings=\"{&quot;background_background&quot;:&quot;classic&quot;,&quot;shape_divider_bottom&quot;:&quot;triangle&quot;,&quot;shape_divider_bottom_negative&quot;:&quot;yes&quot;}\">\n\t\t\t\t\t\t\t<div class=\"elementor-background-overlay\"><\/div>\n\t\t\t\t\t\t<div class=\"elementor-shape elementor-shape-bottom\" aria-hidden=\"true\" data-negative=\"true\">\n\t\t\t<svg xmlns=\"http:\/\/www.w3.org\/2000\/svg\" viewBox=\"0 0 1000 100\" preserveAspectRatio=\"none\">\n\t<path class=\"elementor-shape-fill\" d=\"M500.2,94.7L0,0v100h1000V0L500.2,94.7z\"\/>\n<\/svg>\t\t<\/div>\n\t\t\t\t\t<div class=\"elementor-container elementor-column-gap-default\">\n\t\t\t\t\t<div class=\"elementor-column elementor-col-100 elementor-top-column elementor-element elementor-element-1e06388\" data-id=\"1e06388\" data-element_type=\"column\">\n\t\t\t<div class=\"elementor-widget-wrap elementor-element-populated\">\n\t\t\t\t\t\t<div class=\"elementor-element elementor-element-b227586 elementor-widget elementor-widget-heading\" data-id=\"b227586\" data-element_type=\"widget\" data-settings=\"{&quot;_animation&quot;:&quot;none&quot;}\" data-widget_type=\"heading.default\">\n\t\t\t\t<div class=\"elementor-widget-container\">\n\t\t\t\t\t<h2 class=\"elementor-heading-title elementor-size-default\">Editorial Clara Govela<\/h2>\t\t\t\t<\/div>\n\t\t\t\t<\/div>\n\t\t\t\t<div class=\"elementor-element elementor-element-f33b179 elementor-widget elementor-widget-text-editor\" data-id=\"f33b179\" data-element_type=\"widget\" data-widget_type=\"text-editor.default\">\n\t\t\t\t<div class=\"elementor-widget-container\">\n\t\t\t\t\t\t\t\t\t<p>Aqu\u00ed encontraras el acceso a mis libros como autora, y podr\u00e1s descubrir como puedo ayudarte a cumplir tus sue\u00f1os de publicar tu libro.<\/p>\t\t\t\t\t\t\t\t<\/div>\n\t\t\t\t<\/div>\n\t\t\t\t\t<\/div>\n\t\t<\/div>\n\t\t\t\t\t<\/div>\n\t\t<\/section>\n\t\t\t\t<section class=\"elementor-section elementor-top-section elementor-element elementor-element-8034c85 elementor-section-boxed elementor-section-height-default elementor-section-height-default\" data-id=\"8034c85\" data-element_type=\"section\">\n\t\t\t\t\t\t<div class=\"elementor-container elementor-column-gap-default\">\n\t\t\t\t\t<div class=\"elementor-column elementor-col-100 elementor-top-column elementor-element elementor-element-c8829a0\" data-id=\"c8829a0\" data-element_type=\"column\">\n\t\t\t<div class=\"elementor-widget-wrap elementor-element-populated\">\n\t\t\t\t\t\t<div class=\"elementor-element elementor-element-ffe08e4 elementor-widget elementor-widget-spacer\" data-id=\"ffe08e4\" data-element_type=\"widget\" data-widget_type=\"spacer.default\">\n\t\t\t\t<div class=\"elementor-widget-container\">\n\t\t\t\t\t\t\t<div class=\"elementor-spacer\">\n\t\t\t<div class=\"elementor-spacer-inner\"><\/div>\n\t\t<\/div>\n\t\t\t\t\t\t<\/div>\n\t\t\t\t<\/div>\n\t\t\t\t<div class=\"elementor-element elementor-element-81d8588 elementor-widget elementor-widget-spacer\" data-id=\"81d8588\" data-element_type=\"widget\" data-widget_type=\"spacer.default\">\n\t\t\t\t<div class=\"elementor-widget-container\">\n\t\t\t\t\t\t\t<div class=\"elementor-spacer\">\n\t\t\t<div class=\"elementor-spacer-inner\"><\/div>\n\t\t<\/div>\n\t\t\t\t\t\t<\/div>\n\t\t\t\t<\/div>\n\t\t\t\t\t<\/div>\n\t\t<\/div>\n\t\t\t\t\t<\/div>\n\t\t<\/section>\n\t\t\t\t<section class=\"elementor-section elementor-top-section elementor-element elementor-element-6e600fb elementor-section-boxed elementor-section-height-default elementor-section-height-default\" data-id=\"6e600fb\" data-element_type=\"section\">\n\t\t\t\t\t\t<div class=\"elementor-container elementor-column-gap-default\">\n\t\t\t\t\t<div class=\"elementor-column elementor-col-33 elementor-top-column elementor-element elementor-element-7a42e7f\" data-id=\"7a42e7f\" data-element_type=\"column\">\n\t\t\t<div class=\"elementor-widget-wrap elementor-element-populated\">\n\t\t\t\t\t\t<div class=\"elementor-element elementor-element-4ce92e7 elementor-widget elementor-widget-image\" data-id=\"4ce92e7\" data-element_type=\"widget\" data-widget_type=\"image.default\">\n\t\t\t\t<div class=\"elementor-widget-container\">\n\t\t\t\t\t\t\t\t\t\t\t\t\t\t\t<img fetchpriority=\"high\" decoding=\"async\" width=\"400\" height=\"300\" src=\"https:\/\/claragovela.com\/wp-content\/uploads\/2023\/03\/fotos-de-la-web-2-clara-4.jpg\" class=\"attachment-large size-large wp-image-1646\" alt=\"\" srcset=\"https:\/\/claragovela.com\/wp-content\/uploads\/2023\/03\/fotos-de-la-web-2-clara-4.jpg 400w, https:\/\/claragovela.com\/wp-content\/uploads\/2023\/03\/fotos-de-la-web-2-clara-4-300x225.jpg 300w\" sizes=\"(max-width: 400px) 100vw, 400px\" \/>\t\t\t\t\t\t\t\t\t\t\t\t\t\t\t<\/div>\n\t\t\t\t<\/div>\n\t\t\t\t\t<\/div>\n\t\t<\/div>\n\t\t\t\t<div class=\"elementor-column elementor-col-66 elementor-top-column elementor-element elementor-element-5ed233b\" data-id=\"5ed233b\" data-element_type=\"column\">\n\t\t\t<div class=\"elementor-widget-wrap elementor-element-populated\">\n\t\t\t\t\t\t<div class=\"elementor-element elementor-element-4848292 elementor-widget elementor-widget-heading\" data-id=\"4848292\" data-element_type=\"widget\" data-widget_type=\"heading.default\">\n\t\t\t\t<div class=\"elementor-widget-container\">\n\t\t\t\t\t<h2 class=\"elementor-heading-title elementor-size-default\">Te ayudo a cumplir tus sue\u00f1os de publicar tu libro.<\/h2>\t\t\t\t<\/div>\n\t\t\t\t<\/div>\n\t\t\t\t<div class=\"elementor-element elementor-element-6908e9f elementor-widget elementor-widget-text-editor\" data-id=\"6908e9f\" data-element_type=\"widget\" data-widget_type=\"text-editor.default\">\n\t\t\t\t<div class=\"elementor-widget-container\">\n\t\t\t\t\t\t\t\t\t<p>Lorem ipsum dolor sit amet, consectetur adipiscing elit. Ut elit tellus, luctus nec ullamcorper mattis, pulvinar dapibus leo.<\/p>\t\t\t\t\t\t\t\t<\/div>\n\t\t\t\t<\/div>\n\t\t\t\t\t<\/div>\n\t\t<\/div>\n\t\t\t\t\t<\/div>\n\t\t<\/section>\n\t\t\t\t<section class=\"elementor-section elementor-top-section elementor-element elementor-element-16b512e elementor-section-boxed elementor-section-height-default elementor-section-height-default\" data-id=\"16b512e\" data-element_type=\"section\">\n\t\t\t\t\t\t<div class=\"elementor-container elementor-column-gap-default\">\n\t\t\t\t\t<div class=\"elementor-column elementor-col-100 elementor-top-column elementor-element elementor-element-d9577de\" data-id=\"d9577de\" data-element_type=\"column\">\n\t\t\t<div class=\"elementor-widget-wrap\">\n\t\t\t\t\t\t\t<\/div>\n\t\t<\/div>\n\t\t\t\t\t<\/div>\n\t\t<\/section>\n\t\t\t\t<section class=\"elementor-section elementor-top-section elementor-element elementor-element-9ab6cf5 elementor-section-boxed elementor-section-height-default elementor-section-height-default\" data-id=\"9ab6cf5\" data-element_type=\"section\" data-settings=\"{&quot;background_background&quot;:&quot;classic&quot;}\">\n\t\t\t\t\t\t<div class=\"elementor-container elementor-column-gap-default\">\n\t\t\t\t\t<div class=\"elementor-column elementor-col-50 elementor-top-column elementor-element elementor-element-cbea282\" data-id=\"cbea282\" data-element_type=\"column\">\n\t\t\t<div class=\"elementor-widget-wrap elementor-element-populated\">\n\t\t\t\t\t\t<div class=\"elementor-element elementor-element-d304250 elementor-widget elementor-widget-image\" data-id=\"d304250\" data-element_type=\"widget\" data-widget_type=\"image.default\">\n\t\t\t\t<div class=\"elementor-widget-container\">\n\t\t\t\t\t\t\t\t\t\t\t\t\t\t\t<img decoding=\"async\" width=\"240\" height=\"240\" src=\"https:\/\/claragovela.com\/wp-content\/uploads\/2019\/10\/client03-free-img.jpg\" class=\"attachment-large size-large wp-image-1023\" alt=\"\" srcset=\"https:\/\/claragovela.com\/wp-content\/uploads\/2019\/10\/client03-free-img.jpg 240w, https:\/\/claragovela.com\/wp-content\/uploads\/2019\/10\/client03-free-img-100x100.jpg 100w, https:\/\/claragovela.com\/wp-content\/uploads\/2019\/10\/client03-free-img-150x150.jpg 150w\" sizes=\"(max-width: 240px) 100vw, 240px\" \/>\t\t\t\t\t\t\t\t\t\t\t\t\t\t\t<\/div>\n\t\t\t\t<\/div>\n\t\t\t\t<div class=\"elementor-element elementor-element-3542f05 elementor-widget elementor-widget-testimonial\" data-id=\"3542f05\" data-element_type=\"widget\" data-widget_type=\"testimonial.default\">\n\t\t\t\t<div class=\"elementor-widget-container\">\n\t\t\t\t\t\t\t<div class=\"elementor-testimonial-wrapper\">\n\t\t\t\t\t\t\t<div class=\"elementor-testimonial-content\">\"Hic nonummy laboriosam ducimus! Tempora iure, veniam doloreearum phasellus! Penatibus augue soluta corrupti! Non de Penatibus\"<\/div>\n\t\t\t\n\t\t\t\t\t\t<div class=\"elementor-testimonial-meta\">\n\t\t\t\t<div class=\"elementor-testimonial-meta-inner\">\n\t\t\t\t\t\n\t\t\t\t\t\t\t\t\t\t<div class=\"elementor-testimonial-details\">\n\t\t\t\t\t\t\t\t\t\t\t\t\t\t<div class=\"elementor-testimonial-name\">Ethan Little<\/div>\n\t\t\t\t\t\t\t\t\t\t\t\t\t\t\t\t\t\t\t\t\t\t<div class=\"elementor-testimonial-job\">Player<\/div>\n\t\t\t\t\t\t\t\t\t\t\t\t\t<\/div>\n\t\t\t\t\t\t\t\t\t<\/div>\n\t\t\t<\/div>\n\t\t\t\t\t<\/div>\n\t\t\t\t\t\t<\/div>\n\t\t\t\t<\/div>\n\t\t\t\t\t<\/div>\n\t\t<\/div>\n\t\t\t\t<div class=\"elementor-column elementor-col-50 elementor-top-column elementor-element elementor-element-0d8ebfd\" data-id=\"0d8ebfd\" data-element_type=\"column\">\n\t\t\t<div class=\"elementor-widget-wrap elementor-element-populated\">\n\t\t\t\t\t\t<div class=\"elementor-element elementor-element-4b2716e elementor-widget elementor-widget-image\" data-id=\"4b2716e\" data-element_type=\"widget\" data-widget_type=\"image.default\">\n\t\t\t\t<div class=\"elementor-widget-container\">\n\t\t\t\t\t\t\t\t\t\t\t\t\t\t\t<img decoding=\"async\" width=\"240\" height=\"240\" src=\"https:\/\/claragovela.com\/wp-content\/uploads\/2019\/10\/client04-free-img.jpg\" class=\"attachment-large size-large wp-image-1025\" alt=\"\" srcset=\"https:\/\/claragovela.com\/wp-content\/uploads\/2019\/10\/client04-free-img.jpg 240w, https:\/\/claragovela.com\/wp-content\/uploads\/2019\/10\/client04-free-img-100x100.jpg 100w, https:\/\/claragovela.com\/wp-content\/uploads\/2019\/10\/client04-free-img-150x150.jpg 150w\" sizes=\"(max-width: 240px) 100vw, 240px\" \/>\t\t\t\t\t\t\t\t\t\t\t\t\t\t\t<\/div>\n\t\t\t\t<\/div>\n\t\t\t\t<div class=\"elementor-element elementor-element-8eae699 elementor-widget elementor-widget-testimonial\" data-id=\"8eae699\" data-element_type=\"widget\" data-widget_type=\"testimonial.default\">\n\t\t\t\t<div class=\"elementor-widget-container\">\n\t\t\t\t\t\t\t<div class=\"elementor-testimonial-wrapper\">\n\t\t\t\t\t\t\t<div class=\"elementor-testimonial-content\">\"Earum, ac, repellendus. Penatibus reiciendis vehicula netus massa aute pede voluptatem curae! Risus laborum tellus. Hendrerit\"<\/div>\n\t\t\t\n\t\t\t\t\t\t<div class=\"elementor-testimonial-meta\">\n\t\t\t\t<div class=\"elementor-testimonial-meta-inner\">\n\t\t\t\t\t\n\t\t\t\t\t\t\t\t\t\t<div class=\"elementor-testimonial-details\">\n\t\t\t\t\t\t\t\t\t\t\t\t\t\t<div class=\"elementor-testimonial-name\">Heather Fowler<\/div>\n\t\t\t\t\t\t\t\t\t\t\t\t\t\t\t\t\t\t\t\t\t\t<div class=\"elementor-testimonial-job\">Client<\/div>\n\t\t\t\t\t\t\t\t\t\t\t\t\t<\/div>\n\t\t\t\t\t\t\t\t\t<\/div>\n\t\t\t<\/div>\n\t\t\t\t\t<\/div>\n\t\t\t\t\t\t<\/div>\n\t\t\t\t<\/div>\n\t\t\t\t\t<\/div>\n\t\t<\/div>\n\t\t\t\t\t<\/div>\n\t\t<\/section>\n\t\t\t\t<\/div>\n\t\t","protected":false},"excerpt":{"rendered":"<p>Editorial Clara Govela Aqu\u00ed encontraras el acceso a mis libros como autora, y podr\u00e1s descubrir como puedo ayudarte a cumplir tus sue\u00f1os de publicar tu libro. Te ayudo a cumplir tus sue\u00f1os de publicar tu libro. Lorem fistrum por la gloria de mi madre esse jarl aliqua llevame al sircoo. De la pradera ullamco qu\u00e9 [&hellip;]<\/p>\n","protected":false},"author":1,"featured_media":0,"parent":0,"menu_order":0,"comment_status":"closed","ping_status":"closed","template":"","meta":{"rop_custom_images_group":[],"rop_custom_messages_group":[],"rop_publish_now":"initial","rop_publish_now_accounts":{"facebook_10161410025688287_568321580351741":""},"rop_publish_now_history":[],"rop_publish_now_status":"pending","_uag_custom_page_level_css":"","site-sidebar-layout":"no-sidebar","site-content-layout":"page-builder","ast-site-content-layout":"default","site-content-style":"default","site-sidebar-style":"default","ast-global-header-display":"","ast-banner-title-visibility":"","ast-main-header-display":"","ast-hfb-above-header-display":"","ast-hfb-below-header-display":"","ast-hfb-mobile-header-display":"","site-post-title":"disabled","ast-breadcrumbs-content":"","ast-featured-img":"disabled","footer-sml-layout":"","theme-transparent-header-meta":"default","adv-header-id-meta":"","stick-header-meta":"","header-above-stick-meta":"","header-main-stick-meta":"","header-below-stick-meta":"","astra-migrate-meta-layouts":"default","ast-page-background-enabled":"default","ast-page-background-meta":{"desktop":{"background-color":"","background-image":"","background-repeat":"repeat","background-position":"center center","background-size":"auto","background-attachment":"scroll","background-type":"","background-media":"","overlay-type":"","overlay-color":"","overlay-opacity":"","overlay-gradient":""},"tablet":{"background-color":"","background-image":"","background-repeat":"repeat","background-position":"center center","background-size":"auto","background-attachment":"scroll","background-type":"","background-media":"","overlay-type":"","overlay-color":"","overlay-opacity":"","overlay-gradient":""},"mobile":{"background-color":"","background-image":"","background-repeat":"repeat","background-position":"center center","background-size":"auto","background-attachment":"scroll","background-type":"","background-media":"","overlay-type":"","overlay-color":"","overlay-opacity":"","overlay-gradient":""}},"ast-content-background-meta":{"desktop":{"background-color":"var(--ast-global-color-5)","background-image":"","background-repeat":"repeat","background-position":"center center","background-size":"auto","background-attachment":"scroll","background-type":"","background-media":"","overlay-type":"","overlay-color":"","overlay-opacity":"","overlay-gradient":""},"tablet":{"background-color":"var(--ast-global-color-5)","background-image":"","background-repeat":"repeat","background-position":"center center","background-size":"auto","background-attachment":"scroll","background-type":"","background-media":"","overlay-type":"","overlay-color":"","overlay-opacity":"","overlay-gradient":""},"mobile":{"background-color":"var(--ast-global-color-5)","background-image":"","background-repeat":"repeat","background-position":"center center","background-size":"auto","background-attachment":"scroll","background-type":"","background-media":"","overlay-type":"","overlay-color":"","overlay-opacity":"","overlay-gradient":""}},"jetpack_post_was_ever_published":false,"_joinchat":[],"footnotes":""},"class_list":["post-304","page","type-page","status-publish","hentry"],"yoast_head":"<!-- This site is optimized with the Yoast SEO plugin v26.1.1 - https:\/\/yoast.com\/wordpress\/plugins\/seo\/ -->\n<title>Historias de \u00e9xito -<\/title>\n<meta name=\"robots\" content=\"index, follow, max-snippet:-1, max-image-preview:large, max-video-preview:-1\" \/>\n<link rel=\"canonical\" href=\"https:\/\/claragovela.com\/index.php\/testimonios\/\" \/>\n<meta property=\"og:locale\" content=\"es_ES\" \/>\n<meta property=\"og:type\" content=\"article\" \/>\n<meta property=\"og:title\" content=\"Historias de \u00e9xito -\" \/>\n<meta property=\"og:description\" content=\"Editorial Clara Govela Aqu\u00ed encontraras el acceso a mis libros como autora, y podr\u00e1s descubrir como puedo ayudarte a cumplir tus sue\u00f1os de publicar tu libro. Te ayudo a cumplir tus sue\u00f1os de publicar tu libro. Lorem fistrum por la gloria de mi madre esse jarl aliqua llevame al sircoo. De la pradera ullamco qu\u00e9 [&hellip;]\" \/>\n<meta property=\"og:url\" content=\"https:\/\/claragovela.com\/index.php\/testimonios\/\" \/>\n<meta property=\"article:modified_time\" content=\"2023-03-12T19:42:12+00:00\" \/>\n<meta property=\"og:image\" content=\"http:\/\/claragovela.com\/wp-content\/uploads\/2023\/03\/fotos-de-la-web-2-clara-4.jpg\" \/>\n<meta name=\"twitter:card\" content=\"summary_large_image\" \/>\n<meta name=\"twitter:label1\" content=\"Tiempo de lectura\" \/>\n\t<meta name=\"twitter:data1\" content=\"2 minutos\" \/>\n<script type=\"application\/ld+json\" class=\"yoast-schema-graph\">{\"@context\":\"https:\/\/schema.org\",\"@graph\":[{\"@type\":\"WebPage\",\"@id\":\"https:\/\/claragovela.com\/index.php\/testimonios\/\",\"url\":\"https:\/\/claragovela.com\/index.php\/testimonios\/\",\"name\":\"Historias de \u00e9xito -\",\"isPartOf\":{\"@id\":\"https:\/\/claragovela.com\/#website\"},\"primaryImageOfPage\":{\"@id\":\"https:\/\/claragovela.com\/index.php\/testimonios\/#primaryimage\"},\"image\":{\"@id\":\"https:\/\/claragovela.com\/index.php\/testimonios\/#primaryimage\"},\"thumbnailUrl\":\"http:\/\/claragovela.com\/wp-content\/uploads\/2023\/03\/fotos-de-la-web-2-clara-4.jpg\",\"datePublished\":\"2019-08-21T10:51:46+00:00\",\"dateModified\":\"2023-03-12T19:42:12+00:00\",\"breadcrumb\":{\"@id\":\"https:\/\/claragovela.com\/index.php\/testimonios\/#breadcrumb\"},\"inLanguage\":\"es\",\"potentialAction\":[{\"@type\":\"ReadAction\",\"target\":[\"https:\/\/claragovela.com\/index.php\/testimonios\/\"]}]},{\"@type\":\"ImageObject\",\"inLanguage\":\"es\",\"@id\":\"https:\/\/claragovela.com\/index.php\/testimonios\/#primaryimage\",\"url\":\"http:\/\/claragovela.com\/wp-content\/uploads\/2023\/03\/fotos-de-la-web-2-clara-4.jpg\",\"contentUrl\":\"http:\/\/claragovela.com\/wp-content\/uploads\/2023\/03\/fotos-de-la-web-2-clara-4.jpg\"},{\"@type\":\"BreadcrumbList\",\"@id\":\"https:\/\/claragovela.com\/index.php\/testimonios\/#breadcrumb\",\"itemListElement\":[{\"@type\":\"ListItem\",\"position\":1,\"name\":\"Portada\",\"item\":\"https:\/\/claragovela.com\/\"},{\"@type\":\"ListItem\",\"position\":2,\"name\":\"Historias de \u00e9xito\"}]},{\"@type\":\"WebSite\",\"@id\":\"https:\/\/claragovela.com\/#website\",\"url\":\"https:\/\/claragovela.com\/\",\"name\":\"\",\"description\":\"\",\"potentialAction\":[{\"@type\":\"SearchAction\",\"target\":{\"@type\":\"EntryPoint\",\"urlTemplate\":\"https:\/\/claragovela.com\/?s={search_term_string}\"},\"query-input\":{\"@type\":\"PropertyValueSpecification\",\"valueRequired\":true,\"valueName\":\"search_term_string\"}}],\"inLanguage\":\"es\"}]}<\/script>\n<!-- \/ Yoast SEO plugin. -->","yoast_head_json":{"title":"Historias de \u00e9xito -","robots":{"index":"index","follow":"follow","max-snippet":"max-snippet:-1","max-image-preview":"max-image-preview:large","max-video-preview":"max-video-preview:-1"},"canonical":"https:\/\/claragovela.com\/index.php\/testimonios\/","og_locale":"es_ES","og_type":"article","og_title":"Historias de \u00e9xito -","og_description":"Editorial Clara Govela Aqu\u00ed encontraras el acceso a mis libros como autora, y podr\u00e1s descubrir como puedo ayudarte a cumplir tus sue\u00f1os de publicar tu libro. Te ayudo a cumplir tus sue\u00f1os de publicar tu libro. Lorem fistrum por la gloria de mi madre esse jarl aliqua llevame al sircoo. De la pradera ullamco qu\u00e9 [&hellip;]","og_url":"https:\/\/claragovela.com\/index.php\/testimonios\/","article_modified_time":"2023-03-12T19:42:12+00:00","og_image":[{"url":"http:\/\/claragovela.com\/wp-content\/uploads\/2023\/03\/fotos-de-la-web-2-clara-4.jpg","type":"","width":"","height":""}],"twitter_card":"summary_large_image","twitter_misc":{"Tiempo de lectura":"2 minutos"},"schema":{"@context":"https:\/\/schema.org","@graph":[{"@type":"WebPage","@id":"https:\/\/claragovela.com\/index.php\/testimonios\/","url":"https:\/\/claragovela.com\/index.php\/testimonios\/","name":"Historias de \u00e9xito -","isPartOf":{"@id":"https:\/\/claragovela.com\/#website"},"primaryImageOfPage":{"@id":"https:\/\/claragovela.com\/index.php\/testimonios\/#primaryimage"},"image":{"@id":"https:\/\/claragovela.com\/index.php\/testimonios\/#primaryimage"},"thumbnailUrl":"http:\/\/claragovela.com\/wp-content\/uploads\/2023\/03\/fotos-de-la-web-2-clara-4.jpg","datePublished":"2019-08-21T10:51:46+00:00","dateModified":"2023-03-12T19:42:12+00:00","breadcrumb":{"@id":"https:\/\/claragovela.com\/index.php\/testimonios\/#breadcrumb"},"inLanguage":"es","potentialAction":[{"@type":"ReadAction","target":["https:\/\/claragovela.com\/index.php\/testimonios\/"]}]},{"@type":"ImageObject","inLanguage":"es","@id":"https:\/\/claragovela.com\/index.php\/testimonios\/#primaryimage","url":"http:\/\/claragovela.com\/wp-content\/uploads\/2023\/03\/fotos-de-la-web-2-clara-4.jpg","contentUrl":"http:\/\/claragovela.com\/wp-content\/uploads\/2023\/03\/fotos-de-la-web-2-clara-4.jpg"},{"@type":"BreadcrumbList","@id":"https:\/\/claragovela.com\/index.php\/testimonios\/#breadcrumb","itemListElement":[{"@type":"ListItem","position":1,"name":"Portada","item":"https:\/\/claragovela.com\/"},{"@type":"ListItem","position":2,"name":"Historias de \u00e9xito"}]},{"@type":"WebSite","@id":"https:\/\/claragovela.com\/#website","url":"https:\/\/claragovela.com\/","name":"","description":"","potentialAction":[{"@type":"SearchAction","target":{"@type":"EntryPoint","urlTemplate":"https:\/\/claragovela.com\/?s={search_term_string}"},"query-input":{"@type":"PropertyValueSpecification","valueRequired":true,"valueName":"search_term_string"}}],"inLanguage":"es"}]}},"uagb_featured_image_src":{"full":false,"thumbnail":false,"medium":false,"medium_large":false,"large":false,"1536x1536":false,"2048x2048":false},"uagb_author_info":{"display_name":"admin","author_link":"https:\/\/claragovela.com\/index.php\/author\/admin\/"},"uagb_comment_info":0,"uagb_excerpt":"Editorial Clara Govela Aqu\u00ed encontraras el acceso a mis libros como autora, y podr\u00e1s descubrir como puedo ayudarte a cumplir tus sue\u00f1os de publicar tu libro. Te ayudo a cumplir tus sue\u00f1os de publicar tu libro. Lorem fistrum por la gloria de mi madre esse jarl aliqua llevame al sircoo. De la pradera ullamco qu\u00e9&hellip;","jetpack_sharing_enabled":true,"_links":{"self":[{"href":"https:\/\/claragovela.com\/index.php\/wp-json\/wp\/v2\/pages\/304","targetHints":{"allow":["GET"]}}],"collection":[{"href":"https:\/\/claragovela.com\/index.php\/wp-json\/wp\/v2\/pages"}],"about":[{"href":"https:\/\/claragovela.com\/index.php\/wp-json\/wp\/v2\/types\/page"}],"author":[{"embeddable":true,"href":"https:\/\/claragovela.com\/index.php\/wp-json\/wp\/v2\/users\/1"}],"replies":[{"embeddable":true,"href":"https:\/\/claragovela.com\/index.php\/wp-json\/wp\/v2\/comments?post=304"}],"version-history":[{"count":11,"href":"https:\/\/claragovela.com\/index.php\/wp-json\/wp\/v2\/pages\/304\/revisions"}],"predecessor-version":[{"id":1859,"href":"https:\/\/claragovela.com\/index.php\/wp-json\/wp\/v2\/pages\/304\/revisions\/1859"}],"wp:attachment":[{"href":"https:\/\/claragovela.com\/index.php\/wp-json\/wp\/v2\/media?parent=304"}],"curies":[{"name":"wp","href":"https:\/\/api.w.org\/{rel}","templated":true}]}}